{"id":726,"date":"2022-06-27T14:56:18","date_gmt":"2022-06-27T14:56:18","guid":{"rendered":"https:\/\/demo.creativethemes.com\/elementor\/tasty\/?page_id=726"},"modified":"2024-04-06T11:34:42","modified_gmt":"2024-04-06T08:34:42","slug":"hakkimizda","status":"publish","type":"page","link":"https:\/\/misircarsisi1664.com\/en\/about\/","title":{"rendered":"About"},"content":{"rendered":"<div data-elementor-type=\"wp-page\" data-elementor-id=\"726\" class=\"elementor elementor-726\" data-elementor-post-type=\"page\">\n\t\t\t\t<div class=\"elementor-element elementor-element-b11fb0b e-con-full e-flex e-con e-parent\" data-id=\"b11fb0b\" data-element_type=\"container\">\n\t\t<div class=\"elementor-element elementor-element-1eb8e23 e-con-full e-flex e-con e-child\" data-id=\"1eb8e23\" data-element_type=\"container\">\n\t\t\t\t<div class=\"elementor-element elementor-element-9a614d8 elementor-widget elementor-widget-heading\" data-id=\"9a614d8\" data-element_type=\"widget\" data-widget_type=\"heading.default\">\n\t\t\t\t<div class=\"elementor-widget-container\">\n\t\t\t<style>\/*! elementor - v3.22.0 - 17-06-2024 *\/\n.elementor-heading-title{padding:0;margin:0;line-height:1}.elementor-widget-heading .elementor-heading-title[class*=elementor-size-]>a{color:inherit;font-size:inherit;line-height:inherit}.elementor-widget-heading .elementor-heading-title.elementor-size-small{font-size:15px}.elementor-widget-heading .elementor-heading-title.elementor-size-medium{font-size:19px}.elementor-widget-heading .elementor-heading-title.elementor-size-large{font-size:29px}.elementor-widget-heading .elementor-heading-title.elementor-size-xl{font-size:39px}.elementor-widget-heading .elementor-heading-title.elementor-size-xxl{font-size:59px}<\/style><h1 class=\"elementor-heading-title elementor-size-default\">M\u0131s\u0131r \u00c7ar\u015f\u0131s\u0131 is not just a shopping center but a living historical monument of Istanbul.<\/h1>\t\t<\/div>\n\t\t\t\t<\/div>\n\t\t\t\t<div class=\"elementor-element elementor-element-8242b26 elementor-widget elementor-widget-text-editor\" data-id=\"8242b26\" data-element_type=\"widget\" data-widget_type=\"text-editor.default\">\n\t\t\t\t<div class=\"elementor-widget-container\">\n\t\t\t<style>\/*! elementor - v3.22.0 - 17-06-2024 *\/\n.elementor-widget-text-editor.elementor-drop-cap-view-stacked .elementor-drop-cap{background-color:#69727d;color:#fff}.elementor-widget-text-editor.elementor-drop-cap-view-framed .elementor-drop-cap{color:#69727d;border:3px solid;background-color:transparent}.elementor-widget-text-editor:not(.elementor-drop-cap-view-default) .elementor-drop-cap{margin-top:8px}.elementor-widget-text-editor:not(.elementor-drop-cap-view-default) .elementor-drop-cap-letter{width:1em;height:1em}.elementor-widget-text-editor .elementor-drop-cap{float:left;text-align:center;line-height:1;font-size:50px}.elementor-widget-text-editor .elementor-drop-cap-letter{display:inline-block}<\/style>\t\t\t\t<p>M\u0131s\u0131r \u00c7ar\u015f\u0131s\u0131, one of the significant shopping destinations for both local and foreign visitors, offers a lively and colorful atmosphere reflecting the abundance of traditional flavors, handicrafts, and souvenirs.<\/p><p>Bearing the traces of disasters, fires, and earthquakes, this bazaar has been reborn each time and has preserved its texture through various restoration works. M\u0131s\u0131r \u00c7ar\u015f\u0131s\u0131, designed on two floors, houses 130 shops, a restaurant, and 663 employees.<\/p>\t\t\t\t\t\t<\/div>\n\t\t\t\t<\/div>\n\t\t\t\t<\/div>\n\t\t<div class=\"elementor-element elementor-element-cd32a90 e-con-full e-flex e-con e-child\" data-id=\"cd32a90\" data-element_type=\"container\">\n\t\t\t\t<div class=\"elementor-element elementor-element-97f42ac elementor-widget elementor-widget-image\" data-id=\"97f42ac\" data-element_type=\"widget\" data-widget_type=\"image.default\">\n\t\t\t\t<div class=\"elementor-widget-container\">\n\t\t\t<style>\/*! elementor - v3.22.0 - 17-06-2024 *\/\n.elementor-widget-image{text-align:center}.elementor-widget-image a{display:inline-block}.elementor-widget-image a img[src$=\".svg\"]{width:48px}.elementor-widget-image img{vertical-align:middle;display:inline-block}<\/style>\t\t\t\t\t\t\t\t\t\t<img fetchpriority=\"high\" decoding=\"async\" width=\"1024\" height=\"682\" src=\"https:\/\/misircarsisi1664.com\/wp-content\/uploads\/2024\/04\/AR500177-1024x682.jpg\" class=\"attachment-large size-large wp-image-994\" alt=\"\" srcset=\"https:\/\/misircarsisi1664.com\/wp-content\/uploads\/2024\/04\/AR500177-1024x682.jpg 1024w, https:\/\/misircarsisi1664.com\/wp-content\/uploads\/2024\/04\/AR500177-300x200.jpg 300w, https:\/\/misircarsisi1664.com\/wp-content\/uploads\/2024\/04\/AR500177-768x512.jpg 768w, https:\/\/misircarsisi1664.com\/wp-content\/uploads\/2024\/04\/AR500177-750x500.jpg 750w, https:\/\/misircarsisi1664.com\/wp-content\/uploads\/2024\/04\/AR500177.jpg 1166w\" sizes=\"(max-width: 1024px) 100vw, 1024px\" \/>\t\t\t\t\t\t\t\t\t\t\t\t\t<\/div>\n\t\t\t\t<\/div>\n\t\t\t\t<\/div>\n\t\t\t\t<\/div>\n\t\t<div class=\"elementor-element elementor-element-1f6bb27 e-con-full e-flex e-con e-parent\" data-id=\"1f6bb27\" data-element_type=\"container\">\n\t\t<div class=\"elementor-element elementor-element-8ccdb0c e-con-full e-flex e-con e-child\" data-id=\"8ccdb0c\" data-element_type=\"container\">\n\t\t\t\t<div class=\"elementor-element elementor-element-ad8af2c elementor-widget elementor-widget-text-editor\" data-id=\"ad8af2c\" data-element_type=\"widget\" data-widget_type=\"text-editor.default\">\n\t\t\t\t<div class=\"elementor-widget-container\">\n\t\t\t\t\t\t\t<p>The Spice Bazaar Tradesmen's Association was established to preserve the historical texture of this venue, promote civil society activities, and protect the rights of its members.<\/p><p>The Association, chaired by A. Sami Koyuncu, continues its work in collaboration with the Directorate General of Foundations.<\/p>\t\t\t\t\t\t<\/div>\n\t\t\t\t<\/div>\n\t\t\t\t<\/div>\n\t\t<div class=\"elementor-element elementor-element-a931088 e-con-full e-flex e-con e-child\" data-id=\"a931088\" data-element_type=\"container\">\n\t\t\t\t<div class=\"elementor-element elementor-element-de42ae6 elementor-widget elementor-widget-image\" data-id=\"de42ae6\" data-element_type=\"widget\" data-widget_type=\"image.default\">\n\t\t\t\t<div class=\"elementor-widget-container\">\n\t\t\t\t\t\t\t\t\t\t\t\t\t<img decoding=\"async\" width=\"640\" height=\"640\" src=\"https:\/\/misircarsisi1664.com\/wp-content\/uploads\/2024\/04\/Sami-Bey.jpeg\" class=\"attachment-large size-large wp-image-1147\" alt=\"\" srcset=\"https:\/\/misircarsisi1664.com\/wp-content\/uploads\/2024\/04\/Sami-Bey.jpeg 640w, https:\/\/misircarsisi1664.com\/wp-content\/uploads\/2024\/04\/Sami-Bey-300x300.jpeg 300w, https:\/\/misircarsisi1664.com\/wp-content\/uploads\/2024\/04\/Sami-Bey-150x150.jpeg 150w, https:\/\/misircarsisi1664.com\/wp-content\/uploads\/2024\/04\/Sami-Bey-530x530.jpeg 530w, https:\/\/misircarsisi1664.com\/wp-content\/uploads\/2024\/04\/Sami-Bey-500x500.jpeg 500w\" sizes=\"(max-width: 640px) 100vw, 640px\" \/>\t\t\t\t\t\t\t\t\t\t\t\t\t<\/div>\n\t\t\t\t<\/div>\n\t\t\t\t<\/div>\n\t\t\t\t<\/div>\n\t\t\t\t<\/div>","protected":false},"excerpt":{"rendered":"<p>M\u0131s\u0131r \u00c7ar\u015f\u0131s\u0131, one of the significant shopping destinations for both local and foreign visitors, offers a lively and colorful atmosphere reflecting the abundance of traditional flavors, handicrafts, and souvenirs.<\/p>","protected":false},"author":1,"featured_media":0,"parent":0,"menu_order":0,"comment_status":"closed","ping_status":"closed","template":"elementor_header_footer","meta":{"footnotes":""},"class_list":["post-726","page","type-page","status-publish","hentry"],"blocksy_meta":{"page_title_panel":"","has_hero_section":"default","4c3a8b97d08473a95169aadee21735a1":"","hero_section":"type-1","hero_elements":[{"id":"custom_title","enabled":true,"heading_tag":"h1","title":"Home"},{"id":"custom_description","enabled":true,"description_visibility":{"desktop":true,"tablet":true,"mobile":false}},{"id":"custom_meta","enabled":false,"meta_elements":[{"id":"author","enabled":true,"label":"By","has_author_avatar":"yes","avatar_size":25},{"id":"post_date","enabled":true,"label":"On","date_format_source":"default","date_format":"M j, Y"},{"id":"updated_date","enabled":false,"label":"On","date_format_source":"default","date_format":"M j, Y"},{"id":"categories","enabled":false,"label":"In","style":"simple"},{"id":"comments","enabled":true}],"page_meta_elements":{"joined":true,"articles_count":true,"comments":true}},{"id":"breadcrumbs","enabled":false}],"105c6c3310cea4c66ed20b55eeb7cc66":"","hero_alignment1":"CT_CSS_SKIP_RULE","hero_margin":40,"hero_alignment2":"center","hero_vertical_alignment":"center","06f83adabed992dcc503294a9f704078":"","hero_structure":"narrow","277346081f354e5fb9ad02749e35cc40":"","page_title_bg_type":"featured_image","custom_hero_background":{"attachment_id":null},"page_title_image_size":"full","parallax":{"desktop":false,"tablet":false,"mobile":false},"dbf84b3a718961941c93fed5935edc33":"","hero_height":"250px","pageTitleFont":{"family":"Default","variation":"Default","size":"30px","line-height":"CT_CSS_SKIP_RULE","letter-spacing":"CT_CSS_SKIP_RULE","text-transform":"CT_CSS_SKIP_RULE","text-decoration":"CT_CSS_SKIP_RULE"},"pageTitleFontColor":{"default":{"color":"CT_CSS_SKIP_RULEDEFAULT"}},"pageMetaFont":{"family":"Default","variation":"n6","size":"12px","line-height":"1.3","letter-spacing":"CT_CSS_SKIP_RULE","text-transform":"uppercase","text-decoration":"CT_CSS_SKIP_RULE"},"pageMetaFontColor":{"default":{"color":"CT_CSS_SKIP_RULEDEFAULT"},"hover":{"color":"CT_CSS_SKIP_RULEDEFAULT"}},"page_meta_button_type_font_colors":{"default":{"color":"CT_CSS_SKIP_RULEDEFAULT"},"hover":{"color":"CT_CSS_SKIP_RULEDEFAULT"}},"page_meta_button_type_background_colors":{"default":{"color":"CT_CSS_SKIP_RULEDEFAULT"},"hover":{"color":"CT_CSS_SKIP_RULEDEFAULT"}},"pageExcerptFont":{"family":"Default","variation":"Default","size":"CT_CSS_SKIP_RULE","line-height":"CT_CSS_SKIP_RULE","letter-spacing":"CT_CSS_SKIP_RULE","text-transform":"CT_CSS_SKIP_RULE","text-decoration":"CT_CSS_SKIP_RULE"},"pageExcerptColor":{"default":{"color":"CT_CSS_SKIP_RULEDEFAULT"}},"breadcrumbsFont":{"family":"Default","variation":"Default","size":"CT_CSS_SKIP_RULE","line-height":"CT_CSS_SKIP_RULE","letter-spacing":"CT_CSS_SKIP_RULE","text-transform":"CT_CSS_SKIP_RULE","text-decoration":"CT_CSS_SKIP_RULE"},"breadcrumbsFontColor":{"default":{"color":"CT_CSS_SKIP_RULEDEFAULT"},"initial":{"color":"CT_CSS_SKIP_RULEDEFAULT"},"hover":{"color":"CT_CSS_SKIP_RULEDEFAULT"}},"pageTitleOverlay":{"background_type":"color","background_pattern":"type-1","background_image":{"attachment_id":null,"x":0,"y":0},"gradient":"linear-gradient(135deg,rgba(6,147,227,1) 0%,rgb(155,81,224) 100%)","background_repeat":"repeat","background_size":"auto","background_attachment":"scroll","patternColor":{"default":{"color":"#e5e7ea"}},"overlayColor":{"default":{"color":"CT_CSS_SKIP_RULE"}},"backgroundColor":{"default":{"color":"CT_CSS_SKIP_RULE"}}},"pageTitleBackground":{"background_type":"color","background_pattern":"type-1","background_image":{"attachment_id":null,"x":0,"y":0},"gradient":"linear-gradient(135deg,rgba(6,147,227,1) 0%,rgb(155,81,224) 100%)","background_repeat":"repeat","background_size":"auto","background_attachment":"scroll","patternColor":{"default":{"color":"#e5e7ea"}},"overlayColor":{"default":{"color":"CT_CSS_SKIP_RULE"}},"backgroundColor":{"default":{"color":"var(--theme-palette-color-6)"}}},"pageTitlePadding":{"top":"50px","bottom":"50px","left":"auto","right":"auto","linked":true},"1770dd5e50bab6a8aad326fc5bcf50a1":"","page_structure_type":"default","a1cdc198ddf9ca3295628e3cc0c91d29":"","content_style_source":"inherit","content_style":"wide","vertical_spacing_source":"custom","content_area_spacing":"none","background":{"background_type":"color","background_pattern":"type-1","background_image":{"attachment_id":null,"x":0,"y":0},"gradient":"linear-gradient(135deg,rgba(6,147,227,1) 0%,rgb(155,81,224) 100%)","background_repeat":"repeat","background_size":"auto","background_attachment":"scroll","patternColor":{"default":{"color":"#e5e7ea"}},"overlayColor":{"default":{"color":"CT_CSS_SKIP_RULE"}},"backgroundColor":{"default":{"color":"CT_CSS_SKIP_RULE"}}},"content_background":{"background_type":"color","background_pattern":"type-1","background_image":{"attachment_id":null,"x":0,"y":0},"gradient":"linear-gradient(135deg,rgba(6,147,227,1) 0%,rgb(155,81,224) 100%)","background_repeat":"repeat","background_size":"auto","background_attachment":"scroll","patternColor":{"default":{"color":"#e5e7ea"}},"overlayColor":{"default":{"color":"CT_CSS_SKIP_RULE"}},"backgroundColor":{"default":{"color":"var(--theme-palette-color-8)"}}},"content_boxed_shadow":{"inherit":false,"blur":18,"spread":-6,"v_offset":12,"h_offset":0,"inset":false,"enable":true,"color":{"color":"rgba(34, 56, 101, 0.04)"}},"content_boxed_border":{"width":1,"style":"none","color":{"color":"rgba(44,62,80,0.2)"}},"content_boxed_radius":{"top":"3px","bottom":"3px","left":"3px","right":"3px","linked":true},"boxed_content_spacing":{"desktop":{"top":"40px","bottom":"40px","left":"40px","right":"40px","linked":true},"tablet":{"top":"35px","bottom":"35px","left":"35px","right":"35px","linked":true},"mobile":{"top":"20px","bottom":"20px","left":"20px","right":"20px","linked":true}},"425de3d825d4dd425df547c143bbed6a":"","disable_featured_image":"no","disable_share_box":"no","disable_header":"no","disable_footer":"no","styles_descriptor":{"styles":{"desktop":"","tablet":"","mobile":""},"google_fonts":[],"version":6}},"yoast_head":"<!-- This site is optimized with the Yoast SEO Premium plugin v22.5 (Yoast SEO v22.5) - https:\/\/yoast.com\/wordpress\/plugins\/seo\/ -->\n<title>Hakk\u0131m\u0131zda - M\u0131s\u0131r \u00c7ar\u015f\u0131s\u0131<\/title>\n<meta name=\"robots\" content=\"index, follow, max-snippet:-1, max-image-preview:large, max-video-preview:-1\" \/>\n<link rel=\"canonical\" href=\"https:\/\/misircarsisi1664.com\/en\/about\/\" \/>\n<meta property=\"og:locale\" content=\"en_US\" \/>\n<meta property=\"og:type\" content=\"article\" \/>\n<meta property=\"og:title\" content=\"Hakk\u0131m\u0131zda\" \/>\n<meta property=\"og:description\" content=\"Yerli ve yabanc\u0131 ziyaret\u00e7ilerin \u00f6nemli al\u0131\u015fveri\u015f noktalar\u0131ndan biri olan M\u0131s\u0131r \u00c7ar\u015f\u0131s\u0131, geleneksel lezzetlerin, el i\u015fi \u00fcr\u00fcnlerin ve hediyelik e\u015fyalar\u0131n c\u00fcmb\u00fc\u015f\u00fcn\u00fc yans\u0131tan renkli ve canl\u0131 bir atmosfer sunuyor.\" \/>\n<meta property=\"og:url\" content=\"https:\/\/misircarsisi1664.com\/en\/about\/\" \/>\n<meta property=\"og:site_name\" content=\"M\u0131s\u0131r \u00c7ar\u015f\u0131s\u0131\" \/>\n<meta property=\"article:modified_time\" content=\"2024-04-06T08:34:42+00:00\" \/>\n<meta property=\"og:image\" content=\"https:\/\/misircarsisi1664.com\/wp-content\/uploads\/2024\/04\/AR500177-1024x682.jpg\" \/>\n<meta name=\"twitter:card\" content=\"summary_large_image\" \/>\n<meta name=\"twitter:label1\" content=\"Est. reading time\" \/>\n\t<meta name=\"twitter:data1\" content=\"2 minutes\" \/>\n<script type=\"application\/ld+json\" class=\"yoast-schema-graph\">{\"@context\":\"https:\/\/schema.org\",\"@graph\":[{\"@type\":\"WebPage\",\"@id\":\"https:\/\/misircarsisi1664.com\/hakkimizda\/\",\"url\":\"https:\/\/misircarsisi1664.com\/hakkimizda\/\",\"name\":\"Hakk\u0131m\u0131zda - M\u0131s\u0131r \u00c7ar\u015f\u0131s\u0131\",\"isPartOf\":{\"@id\":\"https:\/\/misircarsisi1664.com\/#website\"},\"primaryImageOfPage\":{\"@id\":\"https:\/\/misircarsisi1664.com\/hakkimizda\/#primaryimage\"},\"image\":{\"@id\":\"https:\/\/misircarsisi1664.com\/hakkimizda\/#primaryimage\"},\"thumbnailUrl\":\"https:\/\/misircarsisi1664.com\/wp-content\/uploads\/2024\/04\/AR500177-1024x682.jpg\",\"datePublished\":\"2022-06-27T14:56:18+00:00\",\"dateModified\":\"2024-04-06T08:34:42+00:00\",\"breadcrumb\":{\"@id\":\"https:\/\/misircarsisi1664.com\/hakkimizda\/#breadcrumb\"},\"inLanguage\":\"en-US\",\"potentialAction\":[{\"@type\":\"ReadAction\",\"target\":[\"https:\/\/misircarsisi1664.com\/hakkimizda\/\"]}]},{\"@type\":\"ImageObject\",\"inLanguage\":\"en-US\",\"@id\":\"https:\/\/misircarsisi1664.com\/hakkimizda\/#primaryimage\",\"url\":\"https:\/\/misircarsisi1664.com\/wp-content\/uploads\/2024\/04\/AR500177-1024x682.jpg\",\"contentUrl\":\"https:\/\/misircarsisi1664.com\/wp-content\/uploads\/2024\/04\/AR500177-1024x682.jpg\"},{\"@type\":\"BreadcrumbList\",\"@id\":\"https:\/\/misircarsisi1664.com\/hakkimizda\/#breadcrumb\",\"itemListElement\":[{\"@type\":\"ListItem\",\"position\":1,\"name\":\"Home\",\"item\":\"https:\/\/misircarsisi1664.com\/\"},{\"@type\":\"ListItem\",\"position\":2,\"name\":\"Hakk\u0131m\u0131zda\"}]},{\"@type\":\"WebSite\",\"@id\":\"https:\/\/misircarsisi1664.com\/#website\",\"url\":\"https:\/\/misircarsisi1664.com\/\",\"name\":\"M\u0131s\u0131r \u00c7ar\u015f\u0131s\u0131\",\"description\":\"\u0130stanbul\u2019un K\u00fclt\u00fcrel Miras\u0131 ve Al\u0131\u015fveri\u015fin Adresi\",\"publisher\":{\"@id\":\"https:\/\/misircarsisi1664.com\/#organization\"},\"potentialAction\":[{\"@type\":\"SearchAction\",\"target\":{\"@type\":\"EntryPoint\",\"urlTemplate\":\"https:\/\/misircarsisi1664.com\/?s={search_term_string}\"},\"query-input\":\"required name=search_term_string\"}],\"inLanguage\":\"en-US\"},{\"@type\":\"Organization\",\"@id\":\"https:\/\/misircarsisi1664.com\/#organization\",\"name\":\"M\u0131s\u0131r \u00c7ar\u015f\u0131s\u0131\",\"url\":\"https:\/\/misircarsisi1664.com\/\",\"logo\":{\"@type\":\"ImageObject\",\"inLanguage\":\"en-US\",\"@id\":\"https:\/\/misircarsisi1664.com\/#\/schema\/logo\/image\/\",\"url\":\"https:\/\/misircarsisi1664.com\/wp-content\/uploads\/2024\/04\/logo.png\",\"contentUrl\":\"https:\/\/misircarsisi1664.com\/wp-content\/uploads\/2024\/04\/logo.png\",\"width\":1182,\"height\":1182,\"caption\":\"M\u0131s\u0131r \u00c7ar\u015f\u0131s\u0131\"},\"image\":{\"@id\":\"https:\/\/misircarsisi1664.com\/#\/schema\/logo\/image\/\"}}]}<\/script>\n<!-- \/ Yoast SEO Premium plugin. -->","yoast_head_json":{"title":"Hakk\u0131m\u0131zda - M\u0131s\u0131r \u00c7ar\u015f\u0131s\u0131","robots":{"index":"index","follow":"follow","max-snippet":"max-snippet:-1","max-image-preview":"max-image-preview:large","max-video-preview":"max-video-preview:-1"},"canonical":"https:\/\/misircarsisi1664.com\/en\/about\/","og_locale":"en_US","og_type":"article","og_title":"Hakk\u0131m\u0131zda","og_description":"Yerli ve yabanc\u0131 ziyaret\u00e7ilerin \u00f6nemli al\u0131\u015fveri\u015f noktalar\u0131ndan biri olan M\u0131s\u0131r \u00c7ar\u015f\u0131s\u0131, geleneksel lezzetlerin, el i\u015fi \u00fcr\u00fcnlerin ve hediyelik e\u015fyalar\u0131n c\u00fcmb\u00fc\u015f\u00fcn\u00fc yans\u0131tan renkli ve canl\u0131 bir atmosfer sunuyor.","og_url":"https:\/\/misircarsisi1664.com\/en\/about\/","og_site_name":"M\u0131s\u0131r \u00c7ar\u015f\u0131s\u0131","article_modified_time":"2024-04-06T08:34:42+00:00","og_image":[{"url":"https:\/\/misircarsisi1664.com\/wp-content\/uploads\/2024\/04\/AR500177-1024x682.jpg"}],"twitter_card":"summary_large_image","twitter_misc":{"Est. reading time":"2 minutes"},"schema":{"@context":"https:\/\/schema.org","@graph":[{"@type":"WebPage","@id":"https:\/\/misircarsisi1664.com\/hakkimizda\/","url":"https:\/\/misircarsisi1664.com\/hakkimizda\/","name":"Hakk\u0131m\u0131zda - M\u0131s\u0131r \u00c7ar\u015f\u0131s\u0131","isPartOf":{"@id":"https:\/\/misircarsisi1664.com\/#website"},"primaryImageOfPage":{"@id":"https:\/\/misircarsisi1664.com\/hakkimizda\/#primaryimage"},"image":{"@id":"https:\/\/misircarsisi1664.com\/hakkimizda\/#primaryimage"},"thumbnailUrl":"https:\/\/misircarsisi1664.com\/wp-content\/uploads\/2024\/04\/AR500177-1024x682.jpg","datePublished":"2022-06-27T14:56:18+00:00","dateModified":"2024-04-06T08:34:42+00:00","breadcrumb":{"@id":"https:\/\/misircarsisi1664.com\/hakkimizda\/#breadcrumb"},"inLanguage":"en-US","potentialAction":[{"@type":"ReadAction","target":["https:\/\/misircarsisi1664.com\/hakkimizda\/"]}]},{"@type":"ImageObject","inLanguage":"en-US","@id":"https:\/\/misircarsisi1664.com\/hakkimizda\/#primaryimage","url":"https:\/\/misircarsisi1664.com\/wp-content\/uploads\/2024\/04\/AR500177-1024x682.jpg","contentUrl":"https:\/\/misircarsisi1664.com\/wp-content\/uploads\/2024\/04\/AR500177-1024x682.jpg"},{"@type":"BreadcrumbList","@id":"https:\/\/misircarsisi1664.com\/hakkimizda\/#breadcrumb","itemListElement":[{"@type":"ListItem","position":1,"name":"Home","item":"https:\/\/misircarsisi1664.com\/"},{"@type":"ListItem","position":2,"name":"Hakk\u0131m\u0131zda"}]},{"@type":"WebSite","@id":"https:\/\/misircarsisi1664.com\/#website","url":"https:\/\/misircarsisi1664.com\/","name":"M\u0131s\u0131r \u00c7ar\u015f\u0131s\u0131","description":"\u0130stanbul\u2019un K\u00fclt\u00fcrel Miras\u0131 ve Al\u0131\u015fveri\u015fin Adresi","publisher":{"@id":"https:\/\/misircarsisi1664.com\/#organization"},"potentialAction":[{"@type":"SearchAction","target":{"@type":"EntryPoint","urlTemplate":"https:\/\/misircarsisi1664.com\/?s={search_term_string}"},"query-input":"required name=search_term_string"}],"inLanguage":"en-US"},{"@type":"Organization","@id":"https:\/\/misircarsisi1664.com\/#organization","name":"M\u0131s\u0131r \u00c7ar\u015f\u0131s\u0131","url":"https:\/\/misircarsisi1664.com\/","logo":{"@type":"ImageObject","inLanguage":"en-US","@id":"https:\/\/misircarsisi1664.com\/#\/schema\/logo\/image\/","url":"https:\/\/misircarsisi1664.com\/wp-content\/uploads\/2024\/04\/logo.png","contentUrl":"https:\/\/misircarsisi1664.com\/wp-content\/uploads\/2024\/04\/logo.png","width":1182,"height":1182,"caption":"M\u0131s\u0131r \u00c7ar\u015f\u0131s\u0131"},"image":{"@id":"https:\/\/misircarsisi1664.com\/#\/schema\/logo\/image\/"}}]}},"_links":{"self":[{"href":"https:\/\/misircarsisi1664.com\/en\/wp-json\/wp\/v2\/pages\/726","targetHints":{"allow":["GET"]}}],"collection":[{"href":"https:\/\/misircarsisi1664.com\/en\/wp-json\/wp\/v2\/pages"}],"about":[{"href":"https:\/\/misircarsisi1664.com\/en\/wp-json\/wp\/v2\/types\/page"}],"author":[{"embeddable":true,"href":"https:\/\/misircarsisi1664.com\/en\/wp-json\/wp\/v2\/users\/1"}],"replies":[{"embeddable":true,"href":"https:\/\/misircarsisi1664.com\/en\/wp-json\/wp\/v2\/comments?post=726"}],"version-history":[{"count":37,"href":"https:\/\/misircarsisi1664.com\/en\/wp-json\/wp\/v2\/pages\/726\/revisions"}],"predecessor-version":[{"id":1497,"href":"https:\/\/misircarsisi1664.com\/en\/wp-json\/wp\/v2\/pages\/726\/revisions\/1497"}],"wp:attachment":[{"href":"https:\/\/misircarsisi1664.com\/en\/wp-json\/wp\/v2\/media?parent=726"}],"curies":[{"name":"wp","href":"https:\/\/api.w.org\/{rel}","templated":true}]}}